{"id":48667,"date":"2020-09-25T08:07:36","date_gmt":"2020-09-25T06:07:36","guid":{"rendered":"http:\/\/stage.mololongoaccommodation.com\/datenschutzerklarung\/"},"modified":"2022-03-15T10:43:52","modified_gmt":"2022-03-15T09:43:52","slug":"datenschutzerklarung","status":"publish","type":"page","link":"https:\/\/stage.mololongoaccommodation.com\/de\/datenschutzerklarung\/","title":{"rendered":"Datenschutzrichtlinien"},"content":{"rendered":"<p>Das Reiseb\u00fcro Virtus upravljanje verpflichtet sich, die Anonymit\u00e4t und Privatsph\u00e4re seiner Webseitennutzer, zu wahren. Virtus upravljanje sammelt nur die personenbezogenen Daten seiner Kunden, die f\u00fcr das Unternehmen und die Erf\u00fcllung der Verpflichtungen des Unternehmens notwendig sind, wobei diese vor jeglicher unbefugter und rechtswidriger Verarbeitung gesch\u00fctzt werden.&nbsp; Wir informieren unsere Kunden \u00fcber den Zweck und die Art der Datenerfassung und wir \u00fcberlassen ihnen immer die Wahl, ob Sie die Daten f\u00fcr Marketingzwecke weitergeben m\u00f6chten, oder ob diese gel\u00f6scht werden sollen. Zu diesem Zweck wendet die Agentur Virtus upravljanje im Rahmen ihrer Gesch\u00e4ftst\u00e4tigkeit seit 2018 die Allgemeine Datenschutz-Grundverordnung und das Gesetz zur Umsetzung der Allgemeinen Datenschutz-Grundverordnung an.<\/p>\n<p><u>Datenverarbeitung<\/u><\/p>\n<p>Die Datenverarbeitung unserer Kunden beruht auf unserem rechtm\u00e4\u00dfigen Interesse, den Kunden optimale Dienstleistungen zu bieten und auf der Zusammenarbeit mit unseren Kunden, um eine zufriedenstellende Produktivit\u00e4t zu erzielen.<\/p>\n<p>Wir k\u00f6nnen Ihre Daten anfordern, wenn Sie eine Unterkunft \u00fcber unsere Webseite buchen, den Newsletter abonnieren, einen Fragebogen ausf\u00fcllen und in \u00e4hnlichen F\u00e4llen, wenn wir Ihre Daten ben\u00f6tigen, um den Zweck der Datenerfassung und -verarbeitung zu erzielen. In diesen F\u00e4llen, k\u00f6nnen wir Informationen zu Ihrem Namen, Telefonnummer, E-Mail Adresse und den Zahlungsdetails von Ihnen beantragen.<\/p>\n<p>Pers\u00f6nliche und sonstige aufgef\u00fchrte Angaben, die Virtus upravljanje von seinen Kunden erh\u00e4lt, werden in einer sicheren und gesch\u00fctzten Datenbank gespeichert und diese Daten werden nicht an Dritte weitergegeben.<\/p>\n<p><u>Ihre Rechte bei der Verarbeitung personenbezogener Daten<\/u><\/p>\n<ul>\n<li>Das Recht auf Einwilligung und Widerruf der Einwilligung \u2013 falls die Verarbeitung der Daten auf Ihrer Einwilligung beruht, haben Sie das Recht die Anmeldung jederzeit zu widerrufen, indem Sie eine schriftliche Mitteilung \u00fcber den Widerruf der Anmeldung an die Postanschrift der Agentur Virtus upravljanje (Trpimirova 1A, 51 000 Rijeka) oder an die E-Mail Adresse info@mololongo.com schicken.<\/li>\n<li>Auskunftsrecht \u2013 das Recht auf die Information dar\u00fcber, ob Ihre personenbezogenen Daten verarbeitet werden, \u00fcber die Art der Verarbeitung, den Ort der Speicherung u. \u00c4.<\/li>\n<li>L\u00f6schrecht \u2013 wenn Sie die Anmeldung widerrufen haben oder wenn Ihre Daten f\u00fcr die Bearbeitung, f\u00fcr die sie erfasst wurden, nicht mehr ben\u00f6tigt werden.<\/li>\n<\/ul>\n<p><u>Cookies und deren Zweck<\/u><\/p>\n<p>Diese Webseite verwendet Cookies und \u00e4hnliche Technologien, um sicherzustellen, dass wir Ihnen den bestm\u00f6glichen Service bieten. Ein Cookie ist eine Information, die von einer Webseite, die Sie besucht haben, auf Ihrem Rechner gespeichert wird. Cookies speichern normalerweise Ihre Einstellungen f\u00fcr eine Webseite, wie z. B. Ihre bevorzugte Sprache f\u00fcr die Benutzeroberfl\u00e4che u. \u00c4. Indem Sie auf &#8222;Zustimmen&#8220; klicken, stimmen Sie der Verarbeitung Ihrer Daten zu. Cookies k\u00f6nnen verwendet werden, damit Sie unsere Webseite optimal nutzen k\u00f6nnen oder damit die Einstellungen Ihrer Aufrufe gespeichert werden. Cookies helfen uns auch dabei Ihnen den Buchungsvorgang der Unterkunft zu erleichtern und um die Webseite Ihren Bed\u00fcrfnissen anzupassen.<\/p>\n<p><u>Wie deaktiviert man Cookies<\/u><\/p>\n<p>In Ihren Browsereinstellungen k\u00f6nnen Sie einstellen, ob Sie das Speichern der Cookies auf Ihrem Rechner zulassen wollen oder nicht. Wenn Sie die Cookies deaktivieren, dann werden Sie einige Funktionen dieser Webseite nicht nutzen k\u00f6nnen. Wenn Sie die Sammelfunktion der Cookies im Browser nicht deaktiviert haben, werden diese auf der Webseite automatisch erfasst. Die Art der Cookie-Deaktivierung und der Widerruf der Einwilligung zur Datenerfassung, h\u00e4ngt von jedem einzelnen Browser ab.<\/p>\n","protected":false},"excerpt":{"rendered":"<p>Das Reiseb\u00fcro Virtus upravljanje verpflichtet sich, die Anonymit\u00e4t und Privatsph\u00e4re seiner Webseitennutzer, zu wahren. Virtus upravljanje sammelt nur die personenbezogenen Daten seiner Kunden, die f\u00fcr das Unternehmen und die Erf\u00fcllung der Verpflichtungen des Unternehmens notwendig sind, wobei diese vor jeglicher unbefugter und rechtswidriger Verarbeitung gesch\u00fctzt werden.&nbsp; Wir informieren unsere Kunden \u00fcber den Zweck und die [&hellip;]<\/p>\n","protected":false},"author":3,"featured_media":0,"parent":0,"menu_order":13,"comment_status":"closed","ping_status":"closed","template":"page-templates\/fullwidthpage.php","meta":{"inline_featured_image":false},"yoast_head":"<!-- This site is optimized with the Yoast SEO plugin v18.2 - https:\/\/yoast.com\/wordpress\/plugins\/seo\/ -->\n<title>Datenschutzrichtlinien - Stage Accommodation<\/title>\n<meta name=\"robots\" content=\"noindex, follow, max-snippet:-1, max-image-preview:large, max-video-preview:-1\" \/>\n<meta property=\"og:locale\" content=\"de_DE\" \/>\n<meta property=\"og:type\" content=\"article\" \/>\n<meta property=\"og:title\" content=\"Datenschutzrichtlinien - Stage Accommodation\" \/>\n<meta property=\"og:description\" content=\"Das Reiseb\u00fcro Virtus upravljanje verpflichtet sich, die Anonymit\u00e4t und Privatsph\u00e4re seiner Webseitennutzer, zu wahren. Virtus upravljanje sammelt nur die personenbezogenen Daten seiner Kunden, die f\u00fcr das Unternehmen und die Erf\u00fcllung der Verpflichtungen des Unternehmens notwendig sind, wobei diese vor jeglicher unbefugter und rechtswidriger Verarbeitung gesch\u00fctzt werden.&nbsp; Wir informieren unsere Kunden \u00fcber den Zweck und die [&hellip;]\" \/>\n<meta property=\"og:url\" content=\"https:\/\/stage.mololongoaccommodation.com\/de\/datenschutzerklarung\/\" \/>\n<meta property=\"og:site_name\" content=\"Stage Accommodation\" \/>\n<meta property=\"article:modified_time\" content=\"2022-03-15T09:43:52+00:00\" \/>\n<meta name=\"twitter:card\" content=\"summary_large_image\" \/>\n<meta name=\"twitter:label1\" content=\"Gesch\u00e4tzte Lesezeit\" \/>\n\t<meta name=\"twitter:data1\" content=\"3\u00a0Minuten\" \/>\n<script type=\"application\/ld+json\" class=\"yoast-schema-graph\">{\"@context\":\"https:\/\/schema.org\",\"@graph\":[{\"@type\":\"WebSite\",\"@id\":\"https:\/\/stage.mololongoaccommodation.com\/#website\",\"url\":\"https:\/\/stage.mololongoaccommodation.com\/\",\"name\":\"Stage Accommodation\",\"description\":\"Integrated Hotel\",\"potentialAction\":[{\"@type\":\"SearchAction\",\"target\":{\"@type\":\"EntryPoint\",\"urlTemplate\":\"https:\/\/stage.mololongoaccommodation.com\/?s={search_term_string}\"},\"query-input\":\"required name=search_term_string\"}],\"inLanguage\":\"de\"},{\"@type\":\"WebPage\",\"@id\":\"https:\/\/stage.mololongoaccommodation.com\/de\/datenschutzerklarung\/#webpage\",\"url\":\"https:\/\/stage.mololongoaccommodation.com\/de\/datenschutzerklarung\/\",\"name\":\"Datenschutzrichtlinien - Stage Accommodation\",\"isPartOf\":{\"@id\":\"https:\/\/stage.mololongoaccommodation.com\/#website\"},\"datePublished\":\"2020-09-25T06:07:36+00:00\",\"dateModified\":\"2022-03-15T09:43:52+00:00\",\"breadcrumb\":{\"@id\":\"https:\/\/stage.mololongoaccommodation.com\/de\/datenschutzerklarung\/#breadcrumb\"},\"inLanguage\":\"de\",\"potentialAction\":[{\"@type\":\"ReadAction\",\"target\":[\"https:\/\/stage.mololongoaccommodation.com\/de\/datenschutzerklarung\/\"]}]},{\"@type\":\"BreadcrumbList\",\"@id\":\"https:\/\/stage.mololongoaccommodation.com\/de\/datenschutzerklarung\/#breadcrumb\",\"itemListElement\":[{\"@type\":\"ListItem\",\"position\":1,\"name\":\"Po\u010detna stranica\",\"item\":\"https:\/\/stage.mololongoaccommodation.com\/de\/\"},{\"@type\":\"ListItem\",\"position\":2,\"name\":\"Datenschutzrichtlinien\"}]}]}<\/script>\n<!-- \/ Yoast SEO plugin. -->","yoast_head_json":{"title":"Datenschutzrichtlinien - Stage Accommodation","robots":{"index":"noindex","follow":"follow","max-snippet":"max-snippet:-1","max-image-preview":"max-image-preview:large","max-video-preview":"max-video-preview:-1"},"og_locale":"de_DE","og_type":"article","og_title":"Datenschutzrichtlinien - Stage Accommodation","og_description":"Das Reiseb\u00fcro Virtus upravljanje verpflichtet sich, die Anonymit\u00e4t und Privatsph\u00e4re seiner Webseitennutzer, zu wahren. Virtus upravljanje sammelt nur die personenbezogenen Daten seiner Kunden, die f\u00fcr das Unternehmen und die Erf\u00fcllung der Verpflichtungen des Unternehmens notwendig sind, wobei diese vor jeglicher unbefugter und rechtswidriger Verarbeitung gesch\u00fctzt werden.&nbsp; Wir informieren unsere Kunden \u00fcber den Zweck und die [&hellip;]","og_url":"https:\/\/stage.mololongoaccommodation.com\/de\/datenschutzerklarung\/","og_site_name":"Stage Accommodation","article_modified_time":"2022-03-15T09:43:52+00:00","twitter_card":"summary_large_image","twitter_misc":{"Gesch\u00e4tzte Lesezeit":"3\u00a0Minuten"},"schema":{"@context":"https:\/\/schema.org","@graph":[{"@type":"WebSite","@id":"https:\/\/stage.mololongoaccommodation.com\/#website","url":"https:\/\/stage.mololongoaccommodation.com\/","name":"Stage Accommodation","description":"Integrated Hotel","potentialAction":[{"@type":"SearchAction","target":{"@type":"EntryPoint","urlTemplate":"https:\/\/stage.mololongoaccommodation.com\/?s={search_term_string}"},"query-input":"required name=search_term_string"}],"inLanguage":"de"},{"@type":"WebPage","@id":"https:\/\/stage.mololongoaccommodation.com\/de\/datenschutzerklarung\/#webpage","url":"https:\/\/stage.mololongoaccommodation.com\/de\/datenschutzerklarung\/","name":"Datenschutzrichtlinien - Stage Accommodation","isPartOf":{"@id":"https:\/\/stage.mololongoaccommodation.com\/#website"},"datePublished":"2020-09-25T06:07:36+00:00","dateModified":"2022-03-15T09:43:52+00:00","breadcrumb":{"@id":"https:\/\/stage.mololongoaccommodation.com\/de\/datenschutzerklarung\/#breadcrumb"},"inLanguage":"de","potentialAction":[{"@type":"ReadAction","target":["https:\/\/stage.mololongoaccommodation.com\/de\/datenschutzerklarung\/"]}]},{"@type":"BreadcrumbList","@id":"https:\/\/stage.mololongoaccommodation.com\/de\/datenschutzerklarung\/#breadcrumb","itemListElement":[{"@type":"ListItem","position":1,"name":"Po\u010detna stranica","item":"https:\/\/stage.mololongoaccommodation.com\/de\/"},{"@type":"ListItem","position":2,"name":"Datenschutzrichtlinien"}]}]}},"_links":{"self":[{"href":"https:\/\/stage.mololongoaccommodation.com\/de\/wp-json\/wp\/v2\/pages\/48667"}],"collection":[{"href":"https:\/\/stage.mololongoaccommodation.com\/de\/wp-json\/wp\/v2\/pages"}],"about":[{"href":"https:\/\/stage.mololongoaccommodation.com\/de\/wp-json\/wp\/v2\/types\/page"}],"author":[{"embeddable":true,"href":"https:\/\/stage.mololongoaccommodation.com\/de\/wp-json\/wp\/v2\/users\/3"}],"replies":[{"embeddable":true,"href":"https:\/\/stage.mololongoaccommodation.com\/de\/wp-json\/wp\/v2\/comments?post=48667"}],"version-history":[{"count":2,"href":"https:\/\/stage.mololongoaccommodation.com\/de\/wp-json\/wp\/v2\/pages\/48667\/revisions"}],"predecessor-version":[{"id":828453,"href":"https:\/\/stage.mololongoaccommodation.com\/de\/wp-json\/wp\/v2\/pages\/48667\/revisions\/828453"}],"wp:attachment":[{"href":"https:\/\/stage.mololongoaccommodation.com\/de\/wp-json\/wp\/v2\/media?parent=48667"}],"curies":[{"name":"wp","href":"https:\/\/api.w.org\/{rel}","templated":true}]}}