{"id":856559,"date":"2022-12-06T15:08:51","date_gmt":"2022-12-06T14:08:51","guid":{"rendered":"https:\/\/stage.mololongoaccommodation.com\/molo-longo-gruppe-2\/"},"modified":"2022-12-06T15:08:51","modified_gmt":"2022-12-06T14:08:51","slug":"molo-longo-gruppe-2","status":"publish","type":"page","link":"https:\/\/stage.mololongoaccommodation.com\/de\/molo-longo-gruppe-2\/","title":{"rendered":"Molo Longo Gruppe"},"content":{"rendered":"<p>Gepr\u00e4gt vom Potenzial und der beschleunigten Entwicklung Rijekas zu einem bedeutenden Touristenziel an der Nordadria, beginnt ein Team, das sich aufgrund der Serviceleistungsidee der Reiseb\u00fcros gebildet hat, im Jahr 2016 mit einem klassischen Vermittlungsdienst im Tourismus zur Vermittlung von Appartements und Zimmer in der Gegend von Rijeka.<\/p>\n<p>Die au\u00dferordentlich hohe Nachfrage pr\u00e4gte die schnelle Verbreitung und kontinuierliche Verbesserung des Agenturangebots. Die Hingabe und harte Arbeit eines Teams aus jungen, ehrgeizigen Leuten hat zur Entstehung eines v\u00f6llig neuen, innovativen Gesch\u00e4ftskonzepts in diesem Bereich gef\u00fchrt. So wurde 2018 das erste Integral-Hotel in Rijeka, Molo Longo er\u00f6ffnet.<\/p>\n<p>Durch neue Investitionen und einen Wachstumsanstieg hat das Unternehmen die Anzahl seiner Mitarbeiter erh\u00f6ht und ein Team aus Fachleuten erstellt, die t\u00e4glich ihr Wissen und ihre Anstrengungen investieren, um einen qualitativ hochwertigen und erkennbaren Service zu schaffen. In einem sehr kurzen Zeitraum wurde dieses innovative Gesch\u00e4ftskonzept ber\u00fchmt \u2013 Vermieter und G\u00e4ste fangen an, die Qualit\u00e4t und die Vorteile der Gruppe Molo Longo zu erkennen, und der Erkennungswert des Brands steigt stetig an. Heute besitzt Molo Longo eine Basis von \u00fcber 200 modern eingerichteten Top-Unterk\u00fcnften, w\u00e4hrend 2019 unser System 18.000 G\u00e4ste durchlaufen haben.<\/p>\n","protected":false},"excerpt":{"rendered":"<p>Gepr\u00e4gt vom Potenzial und der beschleunigten Entwicklung Rijekas zu einem bedeutenden Touristenziel an der Nordadria, beginnt ein Team, das sich aufgrund der Serviceleistungsidee der Reiseb\u00fcros gebildet hat, im Jahr 2016 mit einem klassischen Vermittlungsdienst im Tourismus zur Vermittlung von Appartements und Zimmer in der Gegend von Rijeka. Die au\u00dferordentlich hohe Nachfrage pr\u00e4gte die schnelle Verbreitung [&hellip;]<\/p>\n","protected":false},"author":3,"featured_media":0,"parent":0,"menu_order":0,"comment_status":"closed","ping_status":"closed","template":"page-templates\/page-group.php","meta":{"inline_featured_image":false},"yoast_head":"<!-- This site is optimized with the Yoast SEO plugin v18.2 - https:\/\/yoast.com\/wordpress\/plugins\/seo\/ -->\n<title>Molo Longo Gruppe - Stage Accommodation<\/title>\n<meta name=\"robots\" content=\"noindex, follow, max-snippet:-1, max-image-preview:large, max-video-preview:-1\" \/>\n<meta property=\"og:locale\" content=\"de_DE\" \/>\n<meta property=\"og:type\" content=\"article\" \/>\n<meta property=\"og:title\" content=\"Molo Longo Gruppe - Stage Accommodation\" \/>\n<meta property=\"og:description\" content=\"Gepr\u00e4gt vom Potenzial und der beschleunigten Entwicklung Rijekas zu einem bedeutenden Touristenziel an der Nordadria, beginnt ein Team, das sich aufgrund der Serviceleistungsidee der Reiseb\u00fcros gebildet hat, im Jahr 2016 mit einem klassischen Vermittlungsdienst im Tourismus zur Vermittlung von Appartements und Zimmer in der Gegend von Rijeka. Die au\u00dferordentlich hohe Nachfrage pr\u00e4gte die schnelle Verbreitung [&hellip;]\" \/>\n<meta property=\"og:url\" content=\"https:\/\/stage.mololongoaccommodation.com\/molo-longo-gruppe-2\/\" \/>\n<meta property=\"og:site_name\" content=\"Stage Accommodation\" \/>\n<meta name=\"twitter:card\" content=\"summary_large_image\" \/>\n<meta name=\"twitter:label1\" content=\"Gesch\u00e4tzte Lesezeit\" \/>\n\t<meta name=\"twitter:data1\" content=\"1\u00a0Minute\" \/>\n<script type=\"application\/ld+json\" class=\"yoast-schema-graph\">{\"@context\":\"https:\/\/schema.org\",\"@graph\":[{\"@type\":\"WebSite\",\"@id\":\"https:\/\/stage.mololongoaccommodation.com\/#website\",\"url\":\"https:\/\/stage.mololongoaccommodation.com\/\",\"name\":\"Stage Accommodation\",\"description\":\"Integrated Hotel\",\"potentialAction\":[{\"@type\":\"SearchAction\",\"target\":{\"@type\":\"EntryPoint\",\"urlTemplate\":\"https:\/\/stage.mololongoaccommodation.com\/?s={search_term_string}\"},\"query-input\":\"required name=search_term_string\"}],\"inLanguage\":\"de\"},{\"@type\":\"WebPage\",\"@id\":\"https:\/\/stage.mololongoaccommodation.com\/molo-longo-gruppe-2\/#webpage\",\"url\":\"https:\/\/stage.mololongoaccommodation.com\/molo-longo-gruppe-2\/\",\"name\":\"Molo Longo Gruppe - Stage Accommodation\",\"isPartOf\":{\"@id\":\"https:\/\/stage.mololongoaccommodation.com\/#website\"},\"datePublished\":\"2022-12-06T14:08:51+00:00\",\"dateModified\":\"2022-12-06T14:08:51+00:00\",\"breadcrumb\":{\"@id\":\"https:\/\/stage.mololongoaccommodation.com\/molo-longo-gruppe-2\/#breadcrumb\"},\"inLanguage\":\"de\",\"potentialAction\":[{\"@type\":\"ReadAction\",\"target\":[\"https:\/\/stage.mololongoaccommodation.com\/molo-longo-gruppe-2\/\"]}]},{\"@type\":\"BreadcrumbList\",\"@id\":\"https:\/\/stage.mololongoaccommodation.com\/molo-longo-gruppe-2\/#breadcrumb\",\"itemListElement\":[{\"@type\":\"ListItem\",\"position\":1,\"name\":\"Po\u010detna stranica\",\"item\":\"https:\/\/stage.mololongoaccommodation.com\/de\/\"},{\"@type\":\"ListItem\",\"position\":2,\"name\":\"Molo Longo Gruppe\"}]}]}<\/script>\n<!-- \/ Yoast SEO plugin. -->","yoast_head_json":{"title":"Molo Longo Gruppe - Stage Accommodation","robots":{"index":"noindex","follow":"follow","max-snippet":"max-snippet:-1","max-image-preview":"max-image-preview:large","max-video-preview":"max-video-preview:-1"},"og_locale":"de_DE","og_type":"article","og_title":"Molo Longo Gruppe - Stage Accommodation","og_description":"Gepr\u00e4gt vom Potenzial und der beschleunigten Entwicklung Rijekas zu einem bedeutenden Touristenziel an der Nordadria, beginnt ein Team, das sich aufgrund der Serviceleistungsidee der Reiseb\u00fcros gebildet hat, im Jahr 2016 mit einem klassischen Vermittlungsdienst im Tourismus zur Vermittlung von Appartements und Zimmer in der Gegend von Rijeka. Die au\u00dferordentlich hohe Nachfrage pr\u00e4gte die schnelle Verbreitung [&hellip;]","og_url":"https:\/\/stage.mololongoaccommodation.com\/molo-longo-gruppe-2\/","og_site_name":"Stage Accommodation","twitter_card":"summary_large_image","twitter_misc":{"Gesch\u00e4tzte Lesezeit":"1\u00a0Minute"},"schema":{"@context":"https:\/\/schema.org","@graph":[{"@type":"WebSite","@id":"https:\/\/stage.mololongoaccommodation.com\/#website","url":"https:\/\/stage.mololongoaccommodation.com\/","name":"Stage Accommodation","description":"Integrated Hotel","potentialAction":[{"@type":"SearchAction","target":{"@type":"EntryPoint","urlTemplate":"https:\/\/stage.mololongoaccommodation.com\/?s={search_term_string}"},"query-input":"required name=search_term_string"}],"inLanguage":"de"},{"@type":"WebPage","@id":"https:\/\/stage.mololongoaccommodation.com\/molo-longo-gruppe-2\/#webpage","url":"https:\/\/stage.mololongoaccommodation.com\/molo-longo-gruppe-2\/","name":"Molo Longo Gruppe - Stage Accommodation","isPartOf":{"@id":"https:\/\/stage.mololongoaccommodation.com\/#website"},"datePublished":"2022-12-06T14:08:51+00:00","dateModified":"2022-12-06T14:08:51+00:00","breadcrumb":{"@id":"https:\/\/stage.mololongoaccommodation.com\/molo-longo-gruppe-2\/#breadcrumb"},"inLanguage":"de","potentialAction":[{"@type":"ReadAction","target":["https:\/\/stage.mololongoaccommodation.com\/molo-longo-gruppe-2\/"]}]},{"@type":"BreadcrumbList","@id":"https:\/\/stage.mololongoaccommodation.com\/molo-longo-gruppe-2\/#breadcrumb","itemListElement":[{"@type":"ListItem","position":1,"name":"Po\u010detna stranica","item":"https:\/\/stage.mololongoaccommodation.com\/de\/"},{"@type":"ListItem","position":2,"name":"Molo Longo Gruppe"}]}]}},"_links":{"self":[{"href":"https:\/\/stage.mololongoaccommodation.com\/de\/wp-json\/wp\/v2\/pages\/856559"}],"collection":[{"href":"https:\/\/stage.mololongoaccommodation.com\/de\/wp-json\/wp\/v2\/pages"}],"about":[{"href":"https:\/\/stage.mololongoaccommodation.com\/de\/wp-json\/wp\/v2\/types\/page"}],"author":[{"embeddable":true,"href":"https:\/\/stage.mololongoaccommodation.com\/de\/wp-json\/wp\/v2\/users\/3"}],"replies":[{"embeddable":true,"href":"https:\/\/stage.mololongoaccommodation.com\/de\/wp-json\/wp\/v2\/comments?post=856559"}],"version-history":[{"count":0,"href":"https:\/\/stage.mololongoaccommodation.com\/de\/wp-json\/wp\/v2\/pages\/856559\/revisions"}],"wp:attachment":[{"href":"https:\/\/stage.mololongoaccommodation.com\/de\/wp-json\/wp\/v2\/media?parent=856559"}],"curies":[{"name":"wp","href":"https:\/\/api.w.org\/{rel}","templated":true}]}}