{"id":48942,"date":"2020-09-28T10:24:35","date_gmt":"2020-09-28T08:24:35","guid":{"rendered":"http:\/\/stage.mololongoaccommodation.com\/politica-della-privacy\/"},"modified":"2022-03-15T10:44:10","modified_gmt":"2022-03-15T09:44:10","slug":"politica-della-privacy","status":"publish","type":"page","link":"https:\/\/stage.mololongoaccommodation.com\/it\/politica-della-privacy\/","title":{"rendered":"Politica sulla privacy"},"content":{"rendered":"<p>Virtus upravljanje, in veste di agenzia turistica, si impegna a rispettare l\u2019anonimato e la privacy degli utenti del suo sito web. Virtus upravljanje raccoglie solo i dati personali degli utenti che sono indispensabili ai fini dell\u2019adempito dei nostri obblighi e dello svolgimento delle nostre attivit\u00e0, proteggendoli tuttavia da qualsiasi trattamento non autorizzato o illegale.&nbsp; I nostri clienti vengono sempre informati sugli obiettivi e le modalit\u00e0 di raccolta dati e hanno sempre la possibilit\u00e0 di scegliere se desiderano che i loro dati vengano utilizzati per scopi di marketing oppure cancellati. A tal fine, dal 2018 l\u2019agenzia Virtus upravljanje applica il Regolamento generale sulla protezione dei dati e la Legge sull&#8217;applicazione del Regolamento generale sulla protezione dei dati in tutte le sue attivit\u00e0.<\/p>\n<p><u>Trattamento dei dati<\/u><\/p>\n<p>Il trattamento dei dati dei nostri clienti si basa sul nostro interesse legittimo di fornire al cliente servizi ottimali e raggiungere un livello di produttivit\u00e0 soddisfacente nella collaborazione con i nostri clienti.<\/p>\n<p>Possiamo richiedere i tuoi dati al momento della prenotazione dell\u2019alloggio tramite il nostro sito web, dell\u2019iscrizione alla nostra newsletter, della compilazione del questionario e in altri casi analoghi, quando i tuoi dati sono necessari ai fini dell\u2019espletamento degli obiettivi per i quali sono stati raccolti e trattati. In questi casi potremo richiedere informazioni relative al tuo nome, numero di telefono, indirizzo e-mail e alle modalit\u00e0 di pagamento.<\/p>\n<p>Virtus upravljanje custodir\u00e0 le informazioni personali e le altre informazioni indicate che raccoglier\u00e0 dai suoi clienti in un database sicuro e protetto e questi dati non saranno disponibili a terzi.<\/p>\n<p><u>I tuoi diritti relativamente al trattamento dei dati personali<\/u><\/p>\n<ul>\n<li>diritto al consenso e alla revoca del consenso: se il trattamento dei dati si basa sul tuo consenso, hai il diritto di revocare il consenso in qualsiasi momento mediante comunicazione scritta di revoca inviata all\u2019indirizzo postale dell\u2019agenzia Virtus upravljanje (Trpimirova 1A, 51 000 Rijeka) o all\u2019indirizzo e-mail info@mololongo.com<\/li>\n<li>diritto di accesso: diritto ad ottenere informazioni in merito al trattamento dei tuoi dati, sulle modalit\u00e0 di trattamento, sulle modalit\u00e0 di conservazione, ecc.<\/li>\n<li>diritto di cancellazione: sei hai richiesto la revoca o se i tuoi dati non sono pi\u00f9 necessari ai fini dell\u2019espletamento degli obiettivi per i quali sono stati raccolti.<\/li>\n<\/ul>\n<p><u>Cookie e loro finalit\u00e0<\/u><\/p>\n<p>Questo sito internet utilizza i cookie e tecnologie simili al fine di garantire un servizio migliore possibile. I cookie sono informazioni che il sito web che stai visitando memorizza sul tuo computer. In genere i cookie memorizzano le tue impostazioni per un determinato sito web, tra cui la lingua preferita per l\u2019interfaccia utente e simili. Cliccando su \u201cAcconsento\u201d, presterai il tuo consenso al trattamento dei tuoi dati personali. I cookie possono essere utilizzati al fine di ottimizzare l\u2019esperienza utente sul nostro sito web e memorizzare le impostazioni di navigazione. I cookie ci aiutano inoltre a rendere pi\u00f9 semplice il processo di prenotazione dell\u2019alloggio e l\u2019adattamento del sito alle tue esigenze.<\/p>\n<p><u>Come disabilitare i cookie<\/u><\/p>\n<p>\u00c8 possibile regolare l\u2019utilizzo dei cookie tramite le impostazioni del tuo browser, consentendo o bloccando i cookie sul tuo computer. Se disabiliti i cookie, non sarai in grado di accedere a determinate funzionalit\u00e0 di questo sito web. Se non hai disattivato i cookie dal tuo browser, questo sito internet li raccoglier\u00e0 in modo automatico. Le modalit\u00e0 di disattivazione dei cookie e la revoca del consenso alla loro raccolta dipendono da ogni singolo browser.<\/p>\n","protected":false},"excerpt":{"rendered":"<p>Virtus upravljanje, in veste di agenzia turistica, si impegna a rispettare l\u2019anonimato e la privacy degli utenti del suo sito web. Virtus upravljanje raccoglie solo i dati personali degli utenti che sono indispensabili ai fini dell\u2019adempito dei nostri obblighi e dello svolgimento delle nostre attivit\u00e0, proteggendoli tuttavia da qualsiasi trattamento non autorizzato o illegale.&nbsp; I [&hellip;]<\/p>\n","protected":false},"author":3,"featured_media":0,"parent":0,"menu_order":13,"comment_status":"closed","ping_status":"closed","template":"page-templates\/fullwidthpage.php","meta":{"inline_featured_image":false},"yoast_head":"<!-- This site is optimized with the Yoast SEO plugin v18.2 - https:\/\/yoast.com\/wordpress\/plugins\/seo\/ -->\n<title>Politica sulla privacy - Stage Accommodation<\/title>\n<meta name=\"robots\" content=\"noindex, follow, max-snippet:-1, max-image-preview:large, max-video-preview:-1\" \/>\n<meta property=\"og:locale\" content=\"it_IT\" \/>\n<meta property=\"og:type\" content=\"article\" \/>\n<meta property=\"og:title\" content=\"Politica sulla privacy - Stage Accommodation\" \/>\n<meta property=\"og:description\" content=\"Virtus upravljanje, in veste di agenzia turistica, si impegna a rispettare l\u2019anonimato e la privacy degli utenti del suo sito web. Virtus upravljanje raccoglie solo i dati personali degli utenti che sono indispensabili ai fini dell\u2019adempito dei nostri obblighi e dello svolgimento delle nostre attivit\u00e0, proteggendoli tuttavia da qualsiasi trattamento non autorizzato o illegale.&nbsp; I [&hellip;]\" \/>\n<meta property=\"og:url\" content=\"https:\/\/stage.mololongoaccommodation.com\/it\/politica-della-privacy\/\" \/>\n<meta property=\"og:site_name\" content=\"Stage Accommodation\" \/>\n<meta property=\"article:modified_time\" content=\"2022-03-15T09:44:10+00:00\" \/>\n<meta name=\"twitter:card\" content=\"summary_large_image\" \/>\n<meta name=\"twitter:label1\" content=\"Tempo di lettura stimato\" \/>\n\t<meta name=\"twitter:data1\" content=\"3 minuti\" \/>\n<script type=\"application\/ld+json\" class=\"yoast-schema-graph\">{\"@context\":\"https:\/\/schema.org\",\"@graph\":[{\"@type\":\"WebSite\",\"@id\":\"https:\/\/stage.mololongoaccommodation.com\/#website\",\"url\":\"https:\/\/stage.mololongoaccommodation.com\/\",\"name\":\"Stage Accommodation\",\"description\":\"Integrated Hotel\",\"potentialAction\":[{\"@type\":\"SearchAction\",\"target\":{\"@type\":\"EntryPoint\",\"urlTemplate\":\"https:\/\/stage.mololongoaccommodation.com\/?s={search_term_string}\"},\"query-input\":\"required name=search_term_string\"}],\"inLanguage\":\"it-IT\"},{\"@type\":\"WebPage\",\"@id\":\"https:\/\/stage.mololongoaccommodation.com\/it\/politica-della-privacy\/#webpage\",\"url\":\"https:\/\/stage.mololongoaccommodation.com\/it\/politica-della-privacy\/\",\"name\":\"Politica sulla privacy - Stage Accommodation\",\"isPartOf\":{\"@id\":\"https:\/\/stage.mololongoaccommodation.com\/#website\"},\"datePublished\":\"2020-09-28T08:24:35+00:00\",\"dateModified\":\"2022-03-15T09:44:10+00:00\",\"breadcrumb\":{\"@id\":\"https:\/\/stage.mololongoaccommodation.com\/it\/politica-della-privacy\/#breadcrumb\"},\"inLanguage\":\"it-IT\",\"potentialAction\":[{\"@type\":\"ReadAction\",\"target\":[\"https:\/\/stage.mololongoaccommodation.com\/it\/politica-della-privacy\/\"]}]},{\"@type\":\"BreadcrumbList\",\"@id\":\"https:\/\/stage.mololongoaccommodation.com\/it\/politica-della-privacy\/#breadcrumb\",\"itemListElement\":[{\"@type\":\"ListItem\",\"position\":1,\"name\":\"Po\u010detna stranica\",\"item\":\"https:\/\/stage.mololongoaccommodation.com\/it\/\"},{\"@type\":\"ListItem\",\"position\":2,\"name\":\"Politica sulla privacy\"}]}]}<\/script>\n<!-- \/ Yoast SEO plugin. -->","yoast_head_json":{"title":"Politica sulla privacy - Stage Accommodation","robots":{"index":"noindex","follow":"follow","max-snippet":"max-snippet:-1","max-image-preview":"max-image-preview:large","max-video-preview":"max-video-preview:-1"},"og_locale":"it_IT","og_type":"article","og_title":"Politica sulla privacy - Stage Accommodation","og_description":"Virtus upravljanje, in veste di agenzia turistica, si impegna a rispettare l\u2019anonimato e la privacy degli utenti del suo sito web. Virtus upravljanje raccoglie solo i dati personali degli utenti che sono indispensabili ai fini dell\u2019adempito dei nostri obblighi e dello svolgimento delle nostre attivit\u00e0, proteggendoli tuttavia da qualsiasi trattamento non autorizzato o illegale.&nbsp; I [&hellip;]","og_url":"https:\/\/stage.mololongoaccommodation.com\/it\/politica-della-privacy\/","og_site_name":"Stage Accommodation","article_modified_time":"2022-03-15T09:44:10+00:00","twitter_card":"summary_large_image","twitter_misc":{"Tempo di lettura stimato":"3 minuti"},"schema":{"@context":"https:\/\/schema.org","@graph":[{"@type":"WebSite","@id":"https:\/\/stage.mololongoaccommodation.com\/#website","url":"https:\/\/stage.mololongoaccommodation.com\/","name":"Stage Accommodation","description":"Integrated Hotel","potentialAction":[{"@type":"SearchAction","target":{"@type":"EntryPoint","urlTemplate":"https:\/\/stage.mololongoaccommodation.com\/?s={search_term_string}"},"query-input":"required name=search_term_string"}],"inLanguage":"it-IT"},{"@type":"WebPage","@id":"https:\/\/stage.mololongoaccommodation.com\/it\/politica-della-privacy\/#webpage","url":"https:\/\/stage.mololongoaccommodation.com\/it\/politica-della-privacy\/","name":"Politica sulla privacy - Stage Accommodation","isPartOf":{"@id":"https:\/\/stage.mololongoaccommodation.com\/#website"},"datePublished":"2020-09-28T08:24:35+00:00","dateModified":"2022-03-15T09:44:10+00:00","breadcrumb":{"@id":"https:\/\/stage.mololongoaccommodation.com\/it\/politica-della-privacy\/#breadcrumb"},"inLanguage":"it-IT","potentialAction":[{"@type":"ReadAction","target":["https:\/\/stage.mololongoaccommodation.com\/it\/politica-della-privacy\/"]}]},{"@type":"BreadcrumbList","@id":"https:\/\/stage.mololongoaccommodation.com\/it\/politica-della-privacy\/#breadcrumb","itemListElement":[{"@type":"ListItem","position":1,"name":"Po\u010detna stranica","item":"https:\/\/stage.mololongoaccommodation.com\/it\/"},{"@type":"ListItem","position":2,"name":"Politica sulla privacy"}]}]}},"_links":{"self":[{"href":"https:\/\/stage.mololongoaccommodation.com\/it\/wp-json\/wp\/v2\/pages\/48942"}],"collection":[{"href":"https:\/\/stage.mololongoaccommodation.com\/it\/wp-json\/wp\/v2\/pages"}],"about":[{"href":"https:\/\/stage.mololongoaccommodation.com\/it\/wp-json\/wp\/v2\/types\/page"}],"author":[{"embeddable":true,"href":"https:\/\/stage.mololongoaccommodation.com\/it\/wp-json\/wp\/v2\/users\/3"}],"replies":[{"embeddable":true,"href":"https:\/\/stage.mololongoaccommodation.com\/it\/wp-json\/wp\/v2\/comments?post=48942"}],"version-history":[{"count":1,"href":"https:\/\/stage.mololongoaccommodation.com\/it\/wp-json\/wp\/v2\/pages\/48942\/revisions"}],"predecessor-version":[{"id":828456,"href":"https:\/\/stage.mololongoaccommodation.com\/it\/wp-json\/wp\/v2\/pages\/48942\/revisions\/828456"}],"wp:attachment":[{"href":"https:\/\/stage.mololongoaccommodation.com\/it\/wp-json\/wp\/v2\/media?parent=48942"}],"curies":[{"name":"wp","href":"https:\/\/api.w.org\/{rel}","templated":true}]}}